{"id":152,"date":"2019-11-30T13:07:45","date_gmt":"2019-11-30T13:07:45","guid":{"rendered":"http:\/\/www.hummiajuttuja.fi\/?page_id=152"},"modified":"2024-01-21T14:34:44","modified_gmt":"2024-01-21T14:34:44","slug":"jutut","status":"publish","type":"page","link":"https:\/\/www.hummiajuttuja.fi\/index.php\/jutut\/","title":{"rendered":"Jutut"},"content":{"rendered":"\n<p>Viimeisimm\u00e4t juttuni:<\/p>\n\n\n<ul class=\"wp-block-latest-posts__list has-dates wp-block-latest-posts\"><li><a class=\"wp-block-latest-posts__post-title\" href=\"https:\/\/www.hummiajuttuja.fi\/index.php\/2022\/03\/29\/elakoon-piilomaan-pikku-warlander\/\">EL\u00c4K\u00d6\u00d6N PIILOMAAN PIKKU WARLANDER<\/a><time datetime=\"2022-03-29T11:10:38+00:00\" class=\"wp-block-latest-posts__post-date\">29 maaliskuun, 2022<\/time><div class=\"wp-block-latest-posts__post-excerpt\">Harvoin jaksaa hevossairaalan lasku ja diagnoosi vain hymyilytt\u00e4\u00e4: Ajankohta: 24.3.2022 7:52Diagnoosi: tiineLysti todettiin tiineeksi &lt;3Jonna Jokisalo ELL, amerikkalainen hevosten sis. tauti- ja tehohoitospesialisti Dipl ACVIM&amp;ACVECC, hevossairauksien erikoisel\u00e4inl\u00e4\u00e4k\u00e4ri. Vuoden paras yll\u00e4tysLysti-friisi\u2026 <a href=\"https:\/\/www.hummiajuttuja.fi\/index.php\/2022\/03\/29\/elakoon-piilomaan-pikku-warlander\/\" rel=\"noopener noreferrer\">Lue lis\u00e4\u00e4<span class=\"screen-reader-text\">: EL\u00c4K\u00d6\u00d6N PIILOMAAN PIKKU WARLANDER<\/span><\/a><\/div><\/li>\n<li><a class=\"wp-block-latest-posts__post-title\" href=\"https:\/\/www.hummiajuttuja.fi\/index.php\/2021\/02\/01\/ohukainen-ja-paksukainen-aterioi\/\">OHUKAINEN JA PAKSUKAINEN ATERIOI<\/a><time datetime=\"2021-02-01T14:56:46+00:00\" class=\"wp-block-latest-posts__post-date\">1 helmikuun, 2021<\/time><div class=\"wp-block-latest-posts__post-excerpt\">Kun pihaton jakaa kaksi tammaa, joista toinen on Ohukainen ja toinen Paksukainen, t\u00e4ytyy tarjoilut tuumia tarkkaan. Yksi nyrkkis\u00e4\u00e4nt\u00f6 p\u00e4tee kuitenkin kaiken kokoisten hevosten ruokailuun: parempi usein ja v\u00e4h\u00e4n kerrallaan kuin\u2026 <a href=\"https:\/\/www.hummiajuttuja.fi\/index.php\/2021\/02\/01\/ohukainen-ja-paksukainen-aterioi\/\" rel=\"noopener noreferrer\">Lue lis\u00e4\u00e4<span class=\"screen-reader-text\">: OHUKAINEN JA PAKSUKAINEN ATERIOI<\/span><\/a><\/div><\/li>\n<li><a class=\"wp-block-latest-posts__post-title\" href=\"https:\/\/www.hummiajuttuja.fi\/index.php\/2020\/11\/26\/mista-on-pihatonpitajan-unelmat-tehty\/\">MIST\u00c4 ON PIHATONPIT\u00c4J\u00c4N UNELMAT TEHTY?<\/a><time datetime=\"2020-11-26T09:37:09+00:00\" class=\"wp-block-latest-posts__post-date\">26 marraskuun, 2020<\/time><div class=\"wp-block-latest-posts__post-excerpt\">Hakekasoista, pit\u00e4vist\u00e4 pohjista, hiekattomista ruokintapaikoista, l\u00e4mmitett\u00e4vist\u00e4 vesiastioista sek\u00e4 tuhdeista oviverhoista, jotka pit\u00e4v\u00e4t talven tuulet tallista loitolla. Niist\u00e4 on pihatonpit\u00e4j\u00e4n syksyiset unelmat tehty. (Ja kyll\u00e4 muutama uusi ja kimalteleva satulahuopakin ois\u2026 <a href=\"https:\/\/www.hummiajuttuja.fi\/index.php\/2020\/11\/26\/mista-on-pihatonpitajan-unelmat-tehty\/\" rel=\"noopener noreferrer\">Lue lis\u00e4\u00e4<span class=\"screen-reader-text\">: MIST\u00c4 ON PIHATONPIT\u00c4J\u00c4N UNELMAT TEHTY?<\/span><\/a><\/div><\/li>\n<li><a class=\"wp-block-latest-posts__post-title\" href=\"https:\/\/www.hummiajuttuja.fi\/index.php\/2020\/11\/12\/painajainen-hiekkatarhassa\/\">PAINAJAINEN HIEKKATARHASSA<\/a><time datetime=\"2020-11-12T12:58:53+00:00\" class=\"wp-block-latest-posts__post-date\">12 marraskuun, 2020<\/time><div class=\"wp-block-latest-posts__post-excerpt\">Hiekka, hiesu, hieta, hietikko, santa. Monen hevosenomistajan joka syksyisell\u00e4 painajaisella on monta nime\u00e4 \u2013 ja t\u00e4n\u00e4 vuonna tuo hevosen mahalle niin murheellinen maalaji kasasi dyynins\u00e4 monen hiekattoman vuoden j\u00e4lkeen j\u00e4lleen\u2026 <a href=\"https:\/\/www.hummiajuttuja.fi\/index.php\/2020\/11\/12\/painajainen-hiekkatarhassa\/\" rel=\"noopener noreferrer\">Lue lis\u00e4\u00e4<span class=\"screen-reader-text\">: PAINAJAINEN HIEKKATARHASSA<\/span><\/a><\/div><\/li>\n<li><a class=\"wp-block-latest-posts__post-title\" href=\"https:\/\/www.hummiajuttuja.fi\/index.php\/2020\/10\/03\/kun-mul-lystila-on\/\">KUN MUL LYSTIL\u00c4 ON<\/a><time datetime=\"2020-10-03T14:19:28+00:00\" class=\"wp-block-latest-posts__post-date\">3 lokakuun, 2020<\/time><div class=\"wp-block-latest-posts__post-excerpt\">\u201dMun mielest\u00e4 t\u00e4\u00e4 Lysti-juttu alkaa menn\u00e4 nyt v\u00e4h\u00e4n yli: Se vie kaiken teid\u00e4n ajan ja kaikki m-e-i-d-\u00e4-n rahat\u201d, totesi 16-vuotias Vilja-tytt\u00f6ni, kun Lystil\u00e4n avajaiset ja hevosten muutto l\u00e4heniv\u00e4t, ja tahti\u2026 <a href=\"https:\/\/www.hummiajuttuja.fi\/index.php\/2020\/10\/03\/kun-mul-lystila-on\/\" rel=\"noopener noreferrer\">Lue lis\u00e4\u00e4<span class=\"screen-reader-text\">: KUN MUL LYSTIL\u00c4 ON<\/span><\/a><\/div><\/li>\n<li><a class=\"wp-block-latest-posts__post-title\" href=\"https:\/\/www.hummiajuttuja.fi\/index.php\/2020\/06\/02\/taal-on-lystin-lysti-olla\/\">T\u00c4\u00c4L ON LYSTIN LYSTI OLLA<\/a><time datetime=\"2020-06-02T07:42:03+00:00\" class=\"wp-block-latest-posts__post-date\">2 kes\u00e4kuun, 2020<\/time><div class=\"wp-block-latest-posts__post-excerpt\">Siirtotallin alle hiekkapeti, hiekkapetiin kalliomurske (0-16 vai 0-32), hiekkapedin p\u00e4\u00e4lle parrut \u2013 vai riitt\u00e4\u00e4k\u00f6 lankut? Lystin uuteen pihattoon tulevien parrujen leveyksi\u00e4 ja sorakokoja surffaillessani tein havainnon, ettei t\u00e4m\u00e4 homma todellakaan\u2026 <a href=\"https:\/\/www.hummiajuttuja.fi\/index.php\/2020\/06\/02\/taal-on-lystin-lysti-olla\/\" rel=\"noopener noreferrer\">Lue lis\u00e4\u00e4<span class=\"screen-reader-text\">: T\u00c4\u00c4L ON LYSTIN LYSTI OLLA<\/span><\/a><\/div><\/li>\n<li><a class=\"wp-block-latest-posts__post-title\" href=\"https:\/\/www.hummiajuttuja.fi\/index.php\/2020\/03\/28\/mika-ihmeen-o-t-e\/\">Mik\u00e4 ihmeen O.T.E?<\/a><time datetime=\"2020-03-28T11:51:07+00:00\" class=\"wp-block-latest-posts__post-date\">28 maaliskuun, 2020<\/time><div class=\"wp-block-latest-posts__post-excerpt\">Mik\u00e4 ihmeen O.T.E? Tanja Kannela on O.T.E-hieronnan kehitt\u00e4j\u00e4, joka on hoitanut monta suohon uponnutta ja ymp\u00e4ri mennytt\u00e4 hummaan kuntoon h\u00e4d\u00e4n hetkell\u00e4. Mutta mist\u00e4 O.T.E-k\u00e4sittelyss\u00e4 on kysymys ja mit\u00e4 hy\u00f6ty\u00e4 siit\u00e4 on hevoselle? Sit\u00e4 pohditaan \u201dMit\u00e4 hoitoa saisi hummalle olla?\u201d -juttusarjan toisessa osiossa. \n\n<\/div><\/li>\n<li><a class=\"wp-block-latest-posts__post-title\" href=\"https:\/\/www.hummiajuttuja.fi\/index.php\/2020\/02\/03\/kahta-ei-vaihdeta-toinen-on-huippukylma-ja-toinen-on-lampaanvilla\/\">Kahta ei vaihdeta: toinen on huippukylm\u00e4 ja toinen on lampaanvilla<\/a><time datetime=\"2020-02-03T11:30:30+00:00\" class=\"wp-block-latest-posts__post-date\">3 helmikuun, 2020<\/time><div class=\"wp-block-latest-posts__post-excerpt\">Kaksinkertainen ravikuningas K\u00f6ppinen on juossut uransa aikana rahaa kotiinp\u00e4in parin espoolaisomakotitalon verran. Prinsessa Lysti on puolestaan harrasteratsu, joka k\u00f6p\u00f6ttelee rahaa kotoa poisp\u00e4in vuosittain kompaktin henkil\u00f6auton verran. On kuitenkin kaksi asiaa,\u2026 <a href=\"https:\/\/www.hummiajuttuja.fi\/index.php\/2020\/02\/03\/kahta-ei-vaihdeta-toinen-on-huippukylma-ja-toinen-on-lampaanvilla\/\" rel=\"noopener noreferrer\">Lue lis\u00e4\u00e4<span class=\"screen-reader-text\">: Kahta ei vaihdeta: toinen on huippukylm\u00e4 ja toinen on lampaanvilla<\/span><\/a><\/div><\/li>\n<li><a class=\"wp-block-latest-posts__post-title\" href=\"https:\/\/www.hummiajuttuja.fi\/index.php\/2020\/01\/14\/loysan-lannan-arvoitus\/\">L\u00d6YS\u00c4N LANNAN ARVOITUS<\/a><time datetime=\"2020-01-14T19:40:39+00:00\" class=\"wp-block-latest-posts__post-date\">14 tammikuun, 2020<\/time><div class=\"wp-block-latest-posts__post-excerpt\">Kes\u00e4n laidunkausi on monen hevosen vatsan parasta aikaa, mutta kun saapuu syys, saapuu my\u00f6s arki ruokinta-aikoineen, korsirehuineen ja hiekkatarhoineen \u2013 sek\u00e4 usein my\u00f6s l\u00f6ysine lantakasoineen. Mutta mist\u00e4 kaikista tekij\u00f6ist\u00e4 hevosen\u2026 <a href=\"https:\/\/www.hummiajuttuja.fi\/index.php\/2020\/01\/14\/loysan-lannan-arvoitus\/\" rel=\"noopener noreferrer\">Lue lis\u00e4\u00e4<span class=\"screen-reader-text\">: L\u00d6YS\u00c4N LANNAN ARVOITUS<\/span><\/a><\/div><\/li>\n<li><a class=\"wp-block-latest-posts__post-title\" href=\"https:\/\/www.hummiajuttuja.fi\/index.php\/2019\/12\/21\/onks-loimi-hyvin-nakyyko-kakkaa\/\">ONKS LOIMI HYVIN, N\u00c4KYYK\u00d6 KAKKAA?<\/a><time datetime=\"2019-12-21T22:47:54+00:00\" class=\"wp-block-latest-posts__post-date\">21 joulukuun, 2019<\/time><div class=\"wp-block-latest-posts__post-excerpt\">On niin huoletonta ja halpaa, ett\u00e4 hevosetkin nauraa. <\/div><\/li>\n<\/ul>\n\n\n<p><\/p>\n","protected":false},"excerpt":{"rendered":"<p>Viimeisimm\u00e4t juttuni:<\/p>\n","protected":false},"author":1,"featured_media":0,"parent":0,"menu_order":0,"comment_status":"closed","ping_status":"closed","template":"","meta":{"zakra_page_container_layout":"customizer","zakra_page_sidebar_layout":"customizer","zakra_remove_content_margin":false,"zakra_sidebar":"customizer","zakra_transparent_header":"customizer","zakra_logo":0,"zakra_main_header_style":"default","zakra_menu_item_color":"","zakra_menu_item_hover_color":"","zakra_menu_item_active_color":"","zakra_menu_active_style":"","zakra_page_header":true,"footnotes":""},"_links":{"self":[{"href":"https:\/\/www.hummiajuttuja.fi\/index.php\/wp-json\/wp\/v2\/pages\/152"}],"collection":[{"href":"https:\/\/www.hummiajuttuja.fi\/index.php\/wp-json\/wp\/v2\/pages"}],"about":[{"href":"https:\/\/www.hummiajuttuja.fi\/index.php\/wp-json\/wp\/v2\/types\/page"}],"author":[{"embeddable":true,"href":"https:\/\/www.hummiajuttuja.fi\/index.php\/wp-json\/wp\/v2\/users\/1"}],"replies":[{"embeddable":true,"href":"https:\/\/www.hummiajuttuja.fi\/index.php\/wp-json\/wp\/v2\/comments?post=152"}],"version-history":[{"count":4,"href":"https:\/\/www.hummiajuttuja.fi\/index.php\/wp-json\/wp\/v2\/pages\/152\/revisions"}],"predecessor-version":[{"id":183,"href":"https:\/\/www.hummiajuttuja.fi\/index.php\/wp-json\/wp\/v2\/pages\/152\/revisions\/183"}],"wp:attachment":[{"href":"https:\/\/www.hummiajuttuja.fi\/index.php\/wp-json\/wp\/v2\/media?parent=152"}],"curies":[{"name":"wp","href":"https:\/\/api.w.org\/{rel}","templated":true}]}}