{"id":115,"date":"2019-11-30T12:29:58","date_gmt":"2019-11-30T12:29:58","guid":{"rendered":"http:\/\/www.hummiajuttuja.fi\/?page_id=115"},"modified":"2024-01-21T14:34:43","modified_gmt":"2024-01-21T14:34:43","slug":"info","status":"publish","type":"page","link":"https:\/\/www.hummiajuttuja.fi\/index.php\/info\/","title":{"rendered":"Esittely"},"content":{"rendered":"\n<figure class=\"wp-block-image size-large\"><img loading=\"lazy\" decoding=\"async\" width=\"1024\" height=\"680\" src=\"https:\/\/www.hummiajuttuja.fi\/wp-content\/uploads\/2019\/11\/Na\u0308ytto\u0308kuva-2018-06-25-kello-5.35.58-1024x680.png\" alt=\"\" class=\"wp-image-111\" srcset=\"https:\/\/www.hummiajuttuja.fi\/wp-content\/uploads\/2019\/11\/Na\u0308ytto\u0308kuva-2018-06-25-kello-5.35.58-1024x680.png 1024w, https:\/\/www.hummiajuttuja.fi\/wp-content\/uploads\/2019\/11\/Na\u0308ytto\u0308kuva-2018-06-25-kello-5.35.58-300x199.png 300w, https:\/\/www.hummiajuttuja.fi\/wp-content\/uploads\/2019\/11\/Na\u0308ytto\u0308kuva-2018-06-25-kello-5.35.58-768x510.png 768w, https:\/\/www.hummiajuttuja.fi\/wp-content\/uploads\/2019\/11\/Na\u0308ytto\u0308kuva-2018-06-25-kello-5.35.58-1536x1021.png 1536w, https:\/\/www.hummiajuttuja.fi\/wp-content\/uploads\/2019\/11\/Na\u0308ytto\u0308kuva-2018-06-25-kello-5.35.58-2048x1361.png 2048w\" sizes=\"(max-width: 1024px) 100vw, 1024px\" \/><\/figure>\n\n\n\n<p><br>HUMMIAJUTTUJA on hevosten hyvinvointiin ja terveyteen painottuva verkkojulkaisu. Se jakaa tietoja, taitoja ja tarinoita \u2013 jotta jokaisen hevosen lysti ois.\u00a0<br><br>Hummiajuttuja-julkaisun tietopainotteiset artikkelit rakentuvat yleens\u00e4 asiantuntijahaastatteluiden ymp\u00e4rille. Usein my\u00f6s blogin tarinoissa kuuluu friisitamma Lystin kavioiden kopse sek\u00e4 tumma, syv\u00e4lt\u00e4 vy\u00f6ryv\u00e4 h\u00f6rin\u00e4.<br><\/p>\n","protected":false},"excerpt":{"rendered":"<p>HUMMIAJUTTUJA on hevosten hyvinvointiin ja terveyteen painottuva verkkojulkaisu. Se jakaa tietoja, taitoja ja tarinoita \u2013 jotta jokaisen hevosen lysti ois.\u00a0 Hummiajuttuja-julkaisun tietopainotteiset artikkelit rakentuvat yleens\u00e4 asiantuntijahaastatteluiden ymp\u00e4rille. Usein my\u00f6s blogin tarinoissa kuuluu friisitamma Lystin kavioiden kopse sek\u00e4 tumma, syv\u00e4lt\u00e4 vy\u00f6ryv\u00e4 h\u00f6rin\u00e4.<\/p>\n","protected":false},"author":1,"featured_media":0,"parent":0,"menu_order":0,"comment_status":"closed","ping_status":"closed","template":"","meta":{"zakra_page_container_layout":"customizer","zakra_page_sidebar_layout":"customizer","zakra_remove_content_margin":false,"zakra_sidebar":"customizer","zakra_transparent_header":"customizer","zakra_logo":0,"zakra_main_header_style":"default","zakra_menu_item_color":"","zakra_menu_item_hover_color":"","zakra_menu_item_active_color":"","zakra_menu_active_style":"","zakra_page_header":true,"footnotes":""},"_links":{"self":[{"href":"https:\/\/www.hummiajuttuja.fi\/index.php\/wp-json\/wp\/v2\/pages\/115"}],"collection":[{"href":"https:\/\/www.hummiajuttuja.fi\/index.php\/wp-json\/wp\/v2\/pages"}],"about":[{"href":"https:\/\/www.hummiajuttuja.fi\/index.php\/wp-json\/wp\/v2\/types\/page"}],"author":[{"embeddable":true,"href":"https:\/\/www.hummiajuttuja.fi\/index.php\/wp-json\/wp\/v2\/users\/1"}],"replies":[{"embeddable":true,"href":"https:\/\/www.hummiajuttuja.fi\/index.php\/wp-json\/wp\/v2\/comments?post=115"}],"version-history":[{"count":9,"href":"https:\/\/www.hummiajuttuja.fi\/index.php\/wp-json\/wp\/v2\/pages\/115\/revisions"}],"predecessor-version":[{"id":261,"href":"https:\/\/www.hummiajuttuja.fi\/index.php\/wp-json\/wp\/v2\/pages\/115\/revisions\/261"}],"wp:attachment":[{"href":"https:\/\/www.hummiajuttuja.fi\/index.php\/wp-json\/wp\/v2\/media?parent=115"}],"curies":[{"name":"wp","href":"https:\/\/api.w.org\/{rel}","templated":true}]}}